{"id":7550,"date":"2025-05-09T15:07:59","date_gmt":"2025-05-09T18:07:59","guid":{"rendered":"https:\/\/elipsepublicidade.com.br\/site\/?page_id=7550"},"modified":"2025-05-09T15:07:59","modified_gmt":"2025-05-09T18:07:59","slug":"perguntas-frequentes","status":"publish","type":"page","link":"https:\/\/elipsepublicidade.com.br\/site\/perguntas-frequentes\/","title":{"rendered":"Perguntas Frequentes"},"content":{"rendered":"[vc_row type=&#8221;full_width_background&#8221; full_screen_row_position=&#8221;middle&#8221; column_margin=&#8221;default&#8221; equal_height=&#8221;yes&#8221; content_placement=&#8221;bottom&#8221; column_direction=&#8221;default&#8221; column_direction_tablet=&#8221;default&#8221; column_direction_phone=&#8221;default&#8221; bg_image=&#8221;7209&#8243; bg_position=&#8221;center center&#8221; bg_repeat=&#8221;no-repeat&#8221; scene_position=&#8221;center&#8221; top_padding=&#8221;18%&#8221; bottom_padding=&#8221;3%&#8221; text_color=&#8221;light&#8221; text_align=&#8221;left&#8221; row_border_radius=&#8221;none&#8221; row_border_radius_applies=&#8221;bg&#8221; color_overlay=&#8221;#000033&#8243; overlay_strength=&#8221;0.5&#8243; gradient_direction=&#8221;left_to_right&#8221; shape_divider_position=&#8221;bottom&#8221; shape_divider_height=&#8221;350&#8243; bg_image_animation=&#8221;none&#8221; parallax_bg=&#8221;true&#8221; parallax_bg_speed=&#8221;fast&#8221; shape_type=&#8221;mountains&#8221;][vc_column column_padding=&#8221;no-extra-padding&#8221; column_padding_tablet=&#8221;inherit&#8221; column_padding_phone=&#8221;inherit&#8221; column_padding_position=&#8221;all&#8221; background_color_opacity=&#8221;1&#8243; background_hover_color_opacity=&#8221;1&#8243; column_shadow=&#8221;none&#8221; column_border_radius=&#8221;none&#8221; column_link_target=&#8221;_self&#8221; gradient_direction=&#8221;left_to_right&#8221; overlay_strength=&#8221;0.3&#8243; width=&#8221;1\/2&#8243; tablet_width_inherit=&#8221;default&#8221; tablet_text_alignment=&#8221;default&#8221; phone_text_alignment=&#8221;default&#8221; column_border_width=&#8221;none&#8221; column_border_style=&#8221;solid&#8221; bg_image_animation=&#8221;none&#8221;][\/vc_column][vc_column column_padding=&#8221;no-extra-padding&#8221; column_padding_tablet=&#8221;inherit&#8221; column_padding_phone=&#8221;inherit&#8221; column_padding_position=&#8221;all&#8221; background_color_opacity=&#8221;1&#8243; background_hover_color_opacity=&#8221;1&#8243; column_shadow=&#8221;none&#8221; column_border_radius=&#8221;none&#8221; column_link_target=&#8221;_self&#8221; gradient_direction=&#8221;left_to_right&#8221; overlay_strength=&#8221;0.3&#8243; width=&#8221;1\/2&#8243; tablet_width_inherit=&#8221;default&#8221; tablet_text_alignment=&#8221;default&#8221; phone_text_alignment=&#8221;default&#8221; column_border_width=&#8221;none&#8221; column_border_style=&#8221;solid&#8221; bg_image_animation=&#8221;none&#8221;][vc_row_inner column_margin=&#8221;default&#8221; column_direction=&#8221;default&#8221; column_direction_tablet=&#8221;default&#8221; column_direction_phone=&#8221;default&#8221; text_align=&#8221;left&#8221;][vc_column_inner column_padding=&#8221;no-extra-padding&#8221; column_padding_tablet=&#8221;inherit&#8221; column_padding_phone=&#8221;inherit&#8221; column_padding_position=&#8221;all&#8221; background_color_opacity=&#8221;1&#8243; background_hover_color_opacity=&#8221;1&#8243; column_shadow=&#8221;none&#8221; column_border_radius=&#8221;none&#8221; column_link_target=&#8221;_self&#8221; gradient_direction=&#8221;left_to_right&#8221; overlay_strength=&#8221;0.3&#8243; width=&#8221;1\/1&#8243; tablet_width_inherit=&#8221;default&#8221; column_border_width=&#8221;none&#8221; column_border_style=&#8221;solid&#8221; bg_image_animation=&#8221;none&#8221;][vc_column_text]\n<h1>Perguntas<\/h1>\n<h2>Frequentes<\/h2>\n[\/vc_column_text][\/vc_column_inner][\/vc_row_inner][\/vc_column][\/vc_row][vc_row type=&#8221;full_width_background&#8221; full_screen_row_position=&#8221;middle&#8221; column_margin=&#8221;default&#8221; column_direction=&#8221;default&#8221; column_direction_tablet=&#8221;default&#8221; column_direction_phone=&#8221;default&#8221; bg_color=&#8221;#ffffff&#8221; scene_position=&#8221;center&#8221; top_padding=&#8221;5%&#8221; bottom_padding=&#8221;5%&#8221; text_color=&#8221;dark&#8221; text_align=&#8221;left&#8221; row_border_radius=&#8221;none&#8221; row_border_radius_applies=&#8221;bg&#8221; overlay_strength=&#8221;1&#8243; gradient_direction=&#8221;left_to_right&#8221; shape_divider_position=&#8221;bottom&#8221; bg_image_animation=&#8221;none&#8221; shape_type=&#8221;&#8221;][vc_column column_padding=&#8221;no-extra-padding&#8221; column_padding_tablet=&#8221;inherit&#8221; column_padding_phone=&#8221;inherit&#8221; column_padding_position=&#8221;all&#8221; background_color_opacity=&#8221;1&#8243; background_hover_color_opacity=&#8221;1&#8243; column_shadow=&#8221;none&#8221; column_border_radius=&#8221;none&#8221; column_link_target=&#8221;_self&#8221; gradient_direction=&#8221;left_to_right&#8221; overlay_strength=&#8221;0.3&#8243; width=&#8221;1\/1&#8243; tablet_width_inherit=&#8221;default&#8221; tablet_text_alignment=&#8221;default&#8221; phone_text_alignment=&#8221;default&#8221; column_border_width=&#8221;none&#8221; column_border_style=&#8221;solid&#8221; bg_image_animation=&#8221;none&#8221;][vc_row_inner equal_height=&#8221;yes&#8221; column_margin=&#8221;default&#8221; column_direction=&#8221;default&#8221; column_direction_tablet=&#8221;default&#8221; column_direction_phone=&#8221;default&#8221; text_align=&#8221;left&#8221;][vc_column_inner column_padding=&#8221;padding-2-percent&#8221; column_padding_tablet=&#8221;inherit&#8221; column_padding_phone=&#8221;inherit&#8221; column_padding_position=&#8221;top-bottom&#8221; background_color_opacity=&#8221;1&#8243; background_hover_color_opacity=&#8221;1&#8243; column_shadow=&#8221;none&#8221; column_border_radius=&#8221;none&#8221; column_link_target=&#8221;_self&#8221; gradient_direction=&#8221;left_to_right&#8221; overlay_strength=&#8221;0.3&#8243; width=&#8221;1\/1&#8243; tablet_width_inherit=&#8221;default&#8221; column_border_width=&#8221;none&#8221; column_border_style=&#8221;solid&#8221; bg_image_animation=&#8221;none&#8221; enable_animation=&#8221;true&#8221; animation=&#8221;fade-in-from-bottom&#8221;][image_with_animation image_url=&#8221;6578&#8243; animation=&#8221;Fade In&#8221; hover_animation=&#8221;none&#8221; alignment=&#8221;&#8221; border_radius=&#8221;none&#8221; box_shadow=&#8221;none&#8221; image_loading=&#8221;default&#8221; max_width=&#8221;100%&#8221; max_width_mobile=&#8221;default&#8221;]<div class=\"nectar-fancy-ul\" data-list-icon=\"icon-salient-thin-line\" data-animation=\"false\" data-animation-delay=\"0\" data-color=\"accent-color\" data-spacing=\"default\" data-alignment=\"left\"> \n<ul>\n<li><strong>1. Quais servi\u00e7os a Elipse Publicidade oferece?<\/strong>\n<ul>\n<li>A Elipse Publicidade oferece uma variedade de servi\u00e7os nas \u00e1reas de Publicidade Legal e Financeira, al\u00e9m de Marketing e Eventos.<br \/>\nOs servi\u00e7os incluem Assessoria Paralegal, Atos Societ\u00e1rios, Avisos e Comunicados, Balan\u00e7os Patrimoniais, Editais de Convoca\u00e7\u00e3o, Fatos Relevantes, Licita\u00e7\u00f5es, Revis\u00e3o de Textos, Tombstones, An\u00e1lise de Mercado, Design de Logotipos, Design Gr\u00e1fico, E-mail Marketing, Identidade Corporativa e Planejamento de Marketing.<\/li>\n<\/ul>\n<\/li>\n<\/ul>\n<ul>\n<li><strong>2. O que \u00e9 Publicidade Legal e Financeira?<\/strong>\n<ul>\n<li>Publicidade Legal e Financeira refere-se \u00e0 publica\u00e7\u00e3o de an\u00fancios institucionais obrigat\u00f3rios, como balan\u00e7os patrimoniais, editais de convoca\u00e7\u00e3o e atos societ\u00e1rios, realizamos os nossos servi\u00e7os com agilidade, efic\u00e1cia e o melhor custo-benef\u00edcio. \u200b<\/li>\n<\/ul>\n<\/li>\n<\/ul>\n<ul>\n<li><strong>3. A Elipse Publicidade oferece servi\u00e7os de Assessoria Paralegal?<\/strong>\n<ul>\n<li>Sim, a Elipse Publicidade oferece servi\u00e7os de Assessoria Paralegal, incluindo registro, abertura, altera\u00e7\u00e3o, regulariza\u00e7\u00e3o e encerramento de empresas na Receita Federal, Prefeituras e Juntas Comerciais. \u200b<\/li>\n<\/ul>\n<\/li>\n<\/ul>\n<ul>\n<li><strong>4. Como a Elipse Publicidade pode ajudar minha empresa no Marketing Digital?<\/strong>\n<ul>\n<li>A Elipse Publicidade oferece servi\u00e7os de Planejamento de Marketing, M\u00eddias Sociais, Links Patrocinados\/Google, Desenvolvimento de Sites, Hot Sites e Landing Pages, al\u00e9m de E-mail Marketing, para que sua empresa esteja presente de maneira estrat\u00e9gica nas m\u00eddias sociais e seja encontrada atrav\u00e9s de an\u00fancios.<\/li>\n<\/ul>\n<\/li>\n<\/ul>\n<ul>\n<li><strong>5. O que s\u00e3o Tombstones e como a Elipse Publicidade trabalha com eles?<\/strong>\n<ul>\n<li>Tombstones s\u00e3o pe\u00e7as que contemplam dados b\u00e1sicos de uma opera\u00e7\u00e3o e s\u00e3o utilizadas para comunicar informa\u00e7\u00f5es relevantes aos investidores, s\u00f3cios e consumidores. A Elipse Publicidade cuida desde o design at\u00e9 a pe\u00e7a pronta, garantindo que todas as informa\u00e7\u00f5es necess\u00e1rias estejam presentes. \u200b<\/li>\n<\/ul>\n<\/li>\n<\/ul>\n<ul>\n<li><strong>6. Como posso receber atualiza\u00e7\u00f5es e conte\u00fados da Elipse Publicidade?<\/strong>\n<ul>\n<li>Voc\u00ea pode se inscrever para receber conte\u00fados e atualiza\u00e7\u00f5es sobre Publicidade Legal &amp; Financeira, Marketing Digital e Branding atrav\u00e9s do site da Elipse Publicidade. Basta cadastrar o seu email para ficar por dentro de todas as novidades e informa\u00e7\u00f5es. \u00a0\u200b<\/li>\n<\/ul>\n<\/li>\n<\/ul>\n<ul>\n<li><strong>7. A Elipse Publicidade possui experi\u00eancia no mercado?<\/strong>\n<ul>\n<li>Sim, a Elipse Publicidade atua h\u00e1 mais de 20 anos no mercado, sendo especialista em Publicidade Legal e Financeira e a 1\u00aa ag\u00eancia de Publicidade Legal a conquistar a certifica\u00e7\u00e3o ISO 9001. \u200b<\/li>\n<\/ul>\n<\/li>\n<\/ul>\n<ul>\n<li><strong>8. Como posso entrar em contato com a Elipse Publicidade?<\/strong>\n<ul>\n<li>Voc\u00ea pode entrar em contato atrav\u00e9s dos seguintes meios:\u200b<\/li>\n<li><strong>Telefone:<\/strong> (11) 3266.9191\u200b<\/li>\n<li><strong>WhatsApp:<\/strong> (11) 99265.6886\u200b<\/li>\n<li><strong>E-mail:<\/strong> <a href=\"mailto:atendimento@elipsepublicidade.com.br\">atendimento@elipsepublicidade.com.br<\/a>\u200b<\/li>\n<\/ul>\n<\/li>\n<\/ul>\n<p>Esta se\u00e7\u00e3o de Perguntas Frequentes foi elaborada para esclarecer as principais d\u00favidas sobre os servi\u00e7os e atua\u00e7\u00e3o da Elipse Publicidade. Para informa\u00e7\u00f5es mais detalhadas, entre em contato diretamente conosco.\u200b <\/div>[\/vc_column_inner][\/vc_row_inner][\/vc_column][\/vc_row][vc_row type=&#8221;full_width_background&#8221; full_screen_row_position=&#8221;middle&#8221; column_margin=&#8221;default&#8221; column_direction=&#8221;default&#8221; column_direction_tablet=&#8221;default&#8221; column_direction_phone=&#8221;default&#8221; bg_color=&#8221;#000033&#8243; bg_image=&#8221;6259&#8243; bg_position=&#8221;center center&#8221; bg_repeat=&#8221;no-repeat&#8221; scene_position=&#8221;center&#8221; top_padding=&#8221;5%&#8221; bottom_padding=&#8221;5%&#8221; top_padding_phone=&#8221;70px&#8221; bottom_padding_phone=&#8221;40px&#8221; text_color=&#8221;light&#8221; text_align=&#8221;left&#8221; row_border_radius=&#8221;none&#8221; row_border_radius_applies=&#8221;bg&#8221; color_overlay=&#8221;#000033&#8243; overlay_strength=&#8221;0.8&#8243; gradient_direction=&#8221;left_to_right&#8221; shape_divider_position=&#8221;bottom&#8221; bg_image_animation=&#8221;none&#8221; shape_type=&#8221;&#8221;][vc_column column_padding=&#8221;no-extra-padding&#8221; column_padding_tablet=&#8221;inherit&#8221; column_padding_phone=&#8221;inherit&#8221; column_padding_position=&#8221;all&#8221; background_color_opacity=&#8221;1&#8243; background_hover_color_opacity=&#8221;1&#8243; column_shadow=&#8221;none&#8221; column_border_radius=&#8221;none&#8221; column_link_target=&#8221;_self&#8221; gradient_direction=&#8221;left_to_right&#8221; overlay_strength=&#8221;0.3&#8243; width=&#8221;1\/2&#8243; tablet_width_inherit=&#8221;default&#8221; tablet_text_alignment=&#8221;default&#8221; phone_text_alignment=&#8221;default&#8221; column_border_width=&#8221;none&#8221; column_border_style=&#8221;solid&#8221; bg_image_animation=&#8221;none&#8221;][vc_row_inner column_margin=&#8221;default&#8221; column_direction=&#8221;default&#8221; column_direction_tablet=&#8221;default&#8221; column_direction_phone=&#8221;default&#8221; text_align=&#8221;left&#8221;][vc_column_inner column_padding=&#8221;no-extra-padding&#8221; column_padding_tablet=&#8221;inherit&#8221; column_padding_phone=&#8221;inherit&#8221; column_padding_position=&#8221;all&#8221; background_color_opacity=&#8221;1&#8243; background_hover_color_opacity=&#8221;1&#8243; column_shadow=&#8221;none&#8221; column_border_radius=&#8221;none&#8221; column_link_target=&#8221;_self&#8221; gradient_direction=&#8221;left_to_right&#8221; overlay_strength=&#8221;0.3&#8243; width=&#8221;1\/1&#8243; tablet_width_inherit=&#8221;default&#8221; column_border_width=&#8221;none&#8221; column_border_style=&#8221;solid&#8221; bg_image_animation=&#8221;none&#8221; enable_animation=&#8221;true&#8221; animation=&#8221;fade-in-from-bottom&#8221;][vc_column_text max_width=&#8221;440&#8243; css=&#8221;.vc_custom_1616007759246{margin-bottom: 20px !important;}&#8221;]\n<h3>Receba nossos conte\u00fados<\/h3>\n[\/vc_column_text][vc_column_text max_width=&#8221;440&#8243;]Fique por dentro das atualiza\u00e7\u00f5es em Publicidade Legal &amp; Financeira, Marketing Digital e Branding.[\/vc_column_text][\/vc_column_inner][\/vc_row_inner][vc_row_inner column_margin=&#8221;default&#8221; column_direction=&#8221;default&#8221; column_direction_tablet=&#8221;default&#8221; column_direction_phone=&#8221;default&#8221; text_align=&#8221;left&#8221; css=&#8221;.vc_custom_1504394107673{margin-bottom: 0px !important;}&#8221;][vc_column_inner column_padding=&#8221;no-extra-padding&#8221; column_padding_tablet=&#8221;inherit&#8221; column_padding_phone=&#8221;inherit&#8221; column_padding_position=&#8221;all&#8221; background_color_opacity=&#8221;1&#8243; background_hover_color_opacity=&#8221;1&#8243; column_shadow=&#8221;none&#8221; column_border_radius=&#8221;none&#8221; column_link_target=&#8221;_self&#8221; gradient_direction=&#8221;left_to_right&#8221; overlay_strength=&#8221;0.3&#8243; width=&#8221;1\/1&#8243; tablet_width_inherit=&#8221;default&#8221; column_border_width=&#8221;none&#8221; column_border_style=&#8221;solid&#8221; bg_image_animation=&#8221;none&#8221; enable_animation=&#8221;true&#8221; animation=&#8221;fade-in-from-bottom&#8221;][vc_raw_html el_class=&#8221;newsletter-form&#8221;]JTVCY29udGFjdC1mb3JtLTclMjBpZCUzRCUyMjY0ODMlMjIlMjB0aXRsZSUzRCUyMk5ld3NsZXR0ZXIlMjIlNUQ=[\/vc_raw_html][\/vc_column_inner][\/vc_row_inner][\/vc_column][vc_column column_padding=&#8221;no-extra-padding&#8221; column_padding_tablet=&#8221;inherit&#8221; column_padding_phone=&#8221;inherit&#8221; column_padding_position=&#8221;all&#8221; background_color_opacity=&#8221;1&#8243; background_hover_color_opacity=&#8221;1&#8243; column_shadow=&#8221;none&#8221; column_border_radius=&#8221;none&#8221; column_link_target=&#8221;_self&#8221; gradient_direction=&#8221;left_to_right&#8221; overlay_strength=&#8221;0.3&#8243; width=&#8221;1\/2&#8243; tablet_width_inherit=&#8221;default&#8221; tablet_text_alignment=&#8221;default&#8221; phone_text_alignment=&#8221;default&#8221; column_border_width=&#8221;none&#8221; column_border_style=&#8221;solid&#8221; bg_image_animation=&#8221;none&#8221;][\/vc_column][\/vc_row]\n","protected":false},"excerpt":{"rendered":"<p>[vc_row type=&#8221;full_width_background&#8221; full_screen_row_position=&#8221;middle&#8221; column_margin=&#8221;default&#8221; equal_height=&#8221;yes&#8221; content_placement=&#8221;bottom&#8221; column_direction=&#8221;default&#8221; column_direction_tablet=&#8221;default&#8221; column_direction_phone=&#8221;default&#8221; bg_image=&#8221;7209&#8243; bg_position=&#8221;center center&#8221; bg_repeat=&#8221;no-repeat&#8221; scene_position=&#8221;center&#8221; top_padding=&#8221;18%&#8221; bottom_padding=&#8221;3%&#8221; text_color=&#8221;light&#8221; text_align=&#8221;left&#8221; row_border_radius=&#8221;none&#8221; row_border_radius_applies=&#8221;bg&#8221; color_overlay=&#8221;#000033&#8243; overlay_strength=&#8221;0.5&#8243; gradient_direction=&#8221;left_to_right&#8221; shape_divider_position=&#8221;bottom&#8221; shape_divider_height=&#8221;350&#8243; bg_image_animation=&#8221;none&#8221; parallax_bg=&#8221;true&#8221; parallax_bg_speed=&#8221;fast&#8221; shape_type=&#8221;mountains&#8221;][vc_column column_padding=&#8221;no-extra-padding&#8221;&#8230;<\/p>\n","protected":false},"author":1,"featured_media":0,"parent":0,"menu_order":0,"comment_status":"closed","ping_status":"closed","template":"","meta":{"inline_featured_image":false,"footnotes":""},"class_list":["post-7550","page","type-page","status-publish"],"yoast_head":"<!-- This site is optimized with the Yoast SEO plugin v24.3 - https:\/\/yoast.com\/wordpress\/plugins\/seo\/ -->\n<title>Perguntas Frequentes - Elipse Publicidade<\/title>\n<meta name=\"robots\" content=\"index, follow, max-snippet:-1, max-image-preview:large, max-video-preview:-1\" \/>\n<link rel=\"canonical\" href=\"https:\/\/elipsepublicidade.com.br\/site\/perguntas-frequentes\/\" \/>\n<meta property=\"og:locale\" content=\"pt_BR\" \/>\n<meta property=\"og:type\" content=\"article\" \/>\n<meta property=\"og:title\" content=\"Perguntas Frequentes - Elipse Publicidade\" \/>\n<meta property=\"og:description\" content=\"[vc_row type=&#8221;full_width_background&#8221; full_screen_row_position=&#8221;middle&#8221; column_margin=&#8221;default&#8221; equal_height=&#8221;yes&#8221; content_placement=&#8221;bottom&#8221; column_direction=&#8221;default&#8221; column_direction_tablet=&#8221;default&#8221; column_direction_phone=&#8221;default&#8221; bg_image=&#8221;7209&#8243; bg_position=&#8221;center center&#8221; bg_repeat=&#8221;no-repeat&#8221; scene_position=&#8221;center&#8221; top_padding=&#8221;18%&#8221; bottom_padding=&#8221;3%&#8221; text_color=&#8221;light&#8221; text_align=&#8221;left&#8221; row_border_radius=&#8221;none&#8221; row_border_radius_applies=&#8221;bg&#8221; color_overlay=&#8221;#000033&#8243; overlay_strength=&#8221;0.5&#8243; gradient_direction=&#8221;left_to_right&#8221; shape_divider_position=&#8221;bottom&#8221; shape_divider_height=&#8221;350&#8243; bg_image_animation=&#8221;none&#8221; parallax_bg=&#8221;true&#8221; parallax_bg_speed=&#8221;fast&#8221; shape_type=&#8221;mountains&#8221;][vc_column column_padding=&#8221;no-extra-padding&#8221;...\" \/>\n<meta property=\"og:url\" content=\"https:\/\/elipsepublicidade.com.br\/site\/perguntas-frequentes\/\" \/>\n<meta property=\"og:site_name\" content=\"Elipse Publicidade\" \/>\n<meta name=\"twitter:card\" content=\"summary_large_image\" \/>\n<meta name=\"twitter:label1\" content=\"Est. tempo de leitura\" \/>\n\t<meta name=\"twitter:data1\" content=\"4 minutos\" \/>\n<script type=\"application\/ld+json\" class=\"yoast-schema-graph\">{\"@context\":\"https:\/\/schema.org\",\"@graph\":[{\"@type\":\"WebPage\",\"@id\":\"https:\/\/elipsepublicidade.com.br\/site\/perguntas-frequentes\/\",\"url\":\"https:\/\/elipsepublicidade.com.br\/site\/perguntas-frequentes\/\",\"name\":\"Perguntas Frequentes - Elipse Publicidade\",\"isPartOf\":{\"@id\":\"https:\/\/elipsepublicidade.com.br\/site\/#website\"},\"datePublished\":\"2025-05-09T18:07:59+00:00\",\"dateModified\":\"2025-05-09T18:07:59+00:00\",\"breadcrumb\":{\"@id\":\"https:\/\/elipsepublicidade.com.br\/site\/perguntas-frequentes\/#breadcrumb\"},\"inLanguage\":\"pt-BR\",\"potentialAction\":[{\"@type\":\"ReadAction\",\"target\":[\"https:\/\/elipsepublicidade.com.br\/site\/perguntas-frequentes\/\"]}]},{\"@type\":\"BreadcrumbList\",\"@id\":\"https:\/\/elipsepublicidade.com.br\/site\/perguntas-frequentes\/#breadcrumb\",\"itemListElement\":[{\"@type\":\"ListItem\",\"position\":1,\"name\":\"In\u00edcio\",\"item\":\"https:\/\/elipsepublicidade.com.br\/site\/\"},{\"@type\":\"ListItem\",\"position\":2,\"name\":\"Perguntas Frequentes\"}]},{\"@type\":\"WebSite\",\"@id\":\"https:\/\/elipsepublicidade.com.br\/site\/#website\",\"url\":\"https:\/\/elipsepublicidade.com.br\/site\/\",\"name\":\"Elipse Publicidade\",\"description\":\"Solu\u00e7\u00f5es integradas em publicidade legal e financeira\",\"potentialAction\":[{\"@type\":\"SearchAction\",\"target\":{\"@type\":\"EntryPoint\",\"urlTemplate\":\"https:\/\/elipsepublicidade.com.br\/site\/?s={search_term_string}\"},\"query-input\":{\"@type\":\"PropertyValueSpecification\",\"valueRequired\":true,\"valueName\":\"search_term_string\"}}],\"inLanguage\":\"pt-BR\"}]}<\/script>\n<!-- \/ Yoast SEO plugin. -->","yoast_head_json":{"title":"Perguntas Frequentes - Elipse Publicidade","robots":{"index":"index","follow":"follow","max-snippet":"max-snippet:-1","max-image-preview":"max-image-preview:large","max-video-preview":"max-video-preview:-1"},"canonical":"https:\/\/elipsepublicidade.com.br\/site\/perguntas-frequentes\/","og_locale":"pt_BR","og_type":"article","og_title":"Perguntas Frequentes - Elipse Publicidade","og_description":"[vc_row type=&#8221;full_width_background&#8221; full_screen_row_position=&#8221;middle&#8221; column_margin=&#8221;default&#8221; equal_height=&#8221;yes&#8221; content_placement=&#8221;bottom&#8221; column_direction=&#8221;default&#8221; column_direction_tablet=&#8221;default&#8221; column_direction_phone=&#8221;default&#8221; bg_image=&#8221;7209&#8243; bg_position=&#8221;center center&#8221; bg_repeat=&#8221;no-repeat&#8221; scene_position=&#8221;center&#8221; top_padding=&#8221;18%&#8221; bottom_padding=&#8221;3%&#8221; text_color=&#8221;light&#8221; text_align=&#8221;left&#8221; row_border_radius=&#8221;none&#8221; row_border_radius_applies=&#8221;bg&#8221; color_overlay=&#8221;#000033&#8243; overlay_strength=&#8221;0.5&#8243; gradient_direction=&#8221;left_to_right&#8221; shape_divider_position=&#8221;bottom&#8221; shape_divider_height=&#8221;350&#8243; bg_image_animation=&#8221;none&#8221; parallax_bg=&#8221;true&#8221; parallax_bg_speed=&#8221;fast&#8221; shape_type=&#8221;mountains&#8221;][vc_column column_padding=&#8221;no-extra-padding&#8221;...","og_url":"https:\/\/elipsepublicidade.com.br\/site\/perguntas-frequentes\/","og_site_name":"Elipse Publicidade","twitter_card":"summary_large_image","twitter_misc":{"Est. tempo de leitura":"4 minutos"},"schema":{"@context":"https:\/\/schema.org","@graph":[{"@type":"WebPage","@id":"https:\/\/elipsepublicidade.com.br\/site\/perguntas-frequentes\/","url":"https:\/\/elipsepublicidade.com.br\/site\/perguntas-frequentes\/","name":"Perguntas Frequentes - Elipse Publicidade","isPartOf":{"@id":"https:\/\/elipsepublicidade.com.br\/site\/#website"},"datePublished":"2025-05-09T18:07:59+00:00","dateModified":"2025-05-09T18:07:59+00:00","breadcrumb":{"@id":"https:\/\/elipsepublicidade.com.br\/site\/perguntas-frequentes\/#breadcrumb"},"inLanguage":"pt-BR","potentialAction":[{"@type":"ReadAction","target":["https:\/\/elipsepublicidade.com.br\/site\/perguntas-frequentes\/"]}]},{"@type":"BreadcrumbList","@id":"https:\/\/elipsepublicidade.com.br\/site\/perguntas-frequentes\/#breadcrumb","itemListElement":[{"@type":"ListItem","position":1,"name":"In\u00edcio","item":"https:\/\/elipsepublicidade.com.br\/site\/"},{"@type":"ListItem","position":2,"name":"Perguntas Frequentes"}]},{"@type":"WebSite","@id":"https:\/\/elipsepublicidade.com.br\/site\/#website","url":"https:\/\/elipsepublicidade.com.br\/site\/","name":"Elipse Publicidade","description":"Solu\u00e7\u00f5es integradas em publicidade legal e financeira","potentialAction":[{"@type":"SearchAction","target":{"@type":"EntryPoint","urlTemplate":"https:\/\/elipsepublicidade.com.br\/site\/?s={search_term_string}"},"query-input":{"@type":"PropertyValueSpecification","valueRequired":true,"valueName":"search_term_string"}}],"inLanguage":"pt-BR"}]}},"_links":{"self":[{"href":"https:\/\/elipsepublicidade.com.br\/site\/wp-json\/wp\/v2\/pages\/7550","targetHints":{"allow":["GET"]}}],"collection":[{"href":"https:\/\/elipsepublicidade.com.br\/site\/wp-json\/wp\/v2\/pages"}],"about":[{"href":"https:\/\/elipsepublicidade.com.br\/site\/wp-json\/wp\/v2\/types\/page"}],"author":[{"embeddable":true,"href":"https:\/\/elipsepublicidade.com.br\/site\/wp-json\/wp\/v2\/users\/1"}],"replies":[{"embeddable":true,"href":"https:\/\/elipsepublicidade.com.br\/site\/wp-json\/wp\/v2\/comments?post=7550"}],"version-history":[{"count":5,"href":"https:\/\/elipsepublicidade.com.br\/site\/wp-json\/wp\/v2\/pages\/7550\/revisions"}],"predecessor-version":[{"id":7555,"href":"https:\/\/elipsepublicidade.com.br\/site\/wp-json\/wp\/v2\/pages\/7550\/revisions\/7555"}],"wp:attachment":[{"href":"https:\/\/elipsepublicidade.com.br\/site\/wp-json\/wp\/v2\/media?parent=7550"}],"curies":[{"name":"wp","href":"https:\/\/api.w.org\/{rel}","templated":true}]}}